{"id":44,"date":"2013-10-17T20:05:45","date_gmt":"2013-10-17T20:05:45","guid":{"rendered":"http:\/\/lovbostaden.se\/?page_id=44"},"modified":"2023-02-16T20:54:41","modified_gmt":"2023-02-16T20:54:41","slug":"vara-fastigheter","status":"publish","type":"page","link":"https:\/\/lovbostaden.se\/?page_id=44","title":{"rendered":"V\u00e5ra fastigheter"},"content":{"rendered":"<h3><span style=\"color: #000000; text-decoration: underline;\">Bergagatan 7 &amp; Norra Torggatan 4\u00a0<\/span><\/h3>\n<p>Fastigheten har 15 st l\u00e4genheter i varierande storlekar.\u00a014 st av l\u00e4genheterna har en eller tv\u00e5 balkonger. Fastigheten best\u00e5r av tv\u00e5 hus som\u00a0har en gemensam innerg\u00e5rd med gr\u00e4smatta samt en privat bilparkering med 6 st platser. Fastigheten har en fin tv\u00e4ttstuga utrustad med Electrolux tv\u00e4ttmaskiner, torktumlare och mangel. Cykelrum och f\u00f6rr\u00e5d finns i k\u00e4llarplan.<\/p>\n<p><a href=\"http:\/\/lovbostaden.se\/wp-content\/uploads\/2013\/10\/IMG_2008.jpg\"><img decoding=\"async\" loading=\"lazy\" class=\"alignleft size-medium wp-image-6\" alt=\"IMG_2008\" src=\"http:\/\/lovbostaden.se\/wp-content\/uploads\/2013\/10\/IMG_2008-300x224.jpg\" width=\"300\" height=\"224\" srcset=\"https:\/\/lovbostaden.se\/wp-content\/uploads\/2013\/10\/IMG_2008-300x224.jpg 300w, https:\/\/lovbostaden.se\/wp-content\/uploads\/2013\/10\/IMG_2008-1024x764.jpg 1024w, https:\/\/lovbostaden.se\/wp-content\/uploads\/2013\/10\/IMG_2008-624x466.jpg 624w\" sizes=\"(max-width: 300px) 100vw, 300px\" \/><\/a><\/p>\n<p><a href=\"http:\/\/lovbostaden.se\/wp-content\/uploads\/2013\/10\/72-1.jpg\"><img decoding=\"async\" loading=\"lazy\" class=\"size-medium wp-image-101 alignnone\" alt=\"72-1\" src=\"http:\/\/lovbostaden.se\/wp-content\/uploads\/2013\/10\/72-1-300x224.jpg\" width=\"300\" height=\"224\" srcset=\"https:\/\/lovbostaden.se\/wp-content\/uploads\/2013\/10\/72-1-300x224.jpg 300w, https:\/\/lovbostaden.se\/wp-content\/uploads\/2013\/10\/72-1-1024x764.jpg 1024w\" sizes=\"(max-width: 300px) 100vw, 300px\" \/><\/a><\/p>\n<p><a href=\"http:\/\/lovbostaden.se\/wp-content\/uploads\/2013\/10\/72norra-torgg.jpg\"><img decoding=\"async\" loading=\"lazy\" class=\"size-medium wp-image-106 alignnone\" alt=\"72norra torgg\" src=\"http:\/\/lovbostaden.se\/wp-content\/uploads\/2013\/10\/72norra-torgg-300x224.jpg\" width=\"300\" height=\"224\" srcset=\"https:\/\/lovbostaden.se\/wp-content\/uploads\/2013\/10\/72norra-torgg-300x224.jpg 300w, https:\/\/lovbostaden.se\/wp-content\/uploads\/2013\/10\/72norra-torgg-1024x764.jpg 1024w\" sizes=\"(max-width: 300px) 100vw, 300px\" \/><\/a>\u00a0\u00a0\u00a0\u00a0\u00a0 <a href=\"http:\/\/lovbostaden.se\/wp-content\/uploads\/2013\/10\/72Gula.jpg\"><img decoding=\"async\" loading=\"lazy\" class=\"size-medium wp-image-103 alignnone\" alt=\"72Gula\" src=\"http:\/\/lovbostaden.se\/wp-content\/uploads\/2013\/10\/72Gula-300x224.jpg\" width=\"300\" height=\"224\" srcset=\"https:\/\/lovbostaden.se\/wp-content\/uploads\/2013\/10\/72Gula-300x224.jpg 300w, https:\/\/lovbostaden.se\/wp-content\/uploads\/2013\/10\/72Gula-1024x764.jpg 1024w\" sizes=\"(max-width: 300px) 100vw, 300px\" \/><\/a><\/p>\n<h3><span style=\"text-decoration: underline;\">Klockareg\u00e5rdsgatan 9 A-D\u00a0<\/span><\/h3>\n<p>H\u00e4r finns 8 st l\u00e4genheter som alla \u00e4r 3 rum och k\u00f6k. P\u00e5 g\u00e5rden finns en\u00a0privat bilparkering med 7 st platser. Fastigheten har en fin tv\u00e4ttstuga utrustad med Electrolux tv\u00e4ttmaskin, torktumlare, torksk\u00e5p och mangel. Cykelrum och soprum finns p\u00e5 g\u00e5rden. F\u00f6rr\u00e5d finns i k\u00e4llarplan eller i hus p\u00e5 g\u00e5rden.<\/p>\n<h3><span style=\"text-decoration: underline;\">Fogdegatan 24\u00a0<\/span><\/h3>\n<p>Centralt i Ljungby ligger denna fastighet med 6 st l\u00e4genheter. 4 st tre rum och k\u00f6k, 1 st tv\u00e5 rum och k\u00f6k 1 st 1 rum och k\u00f6k. P\u00e5 andra sidan gatan finns Ica Maxi samt \u00e5tervinningsstation. Parkering finns p\u00e5 inneg\u00e5rden. F\u00f6rr\u00e5d och tv\u00e4ttstuga finns i k\u00e4llarplan.<\/p>\n<p>&nbsp;<\/p>\n<p>&nbsp;<\/p>\n<p>&nbsp;<\/p>\n<p>&nbsp;<\/p>\n<p>&nbsp;<\/p>\n","protected":false},"excerpt":{"rendered":"<p>Bergagatan 7 &amp; Norra Torggatan 4\u00a0 Fastigheten har 15 st l\u00e4genheter i varierande storlekar.\u00a014 st av l\u00e4genheterna har en eller tv\u00e5 balkonger. Fastigheten best\u00e5r av tv\u00e5 hus som\u00a0har en gemensam innerg\u00e5rd med gr\u00e4smatta samt en privat bilparkering med 6 st &hellip; <a href=\"https:\/\/lovbostaden.se\/?page_id=44\">Continue reading <span class=\"meta-nav\">&rarr;<\/span><\/a><\/p>\n","protected":false},"author":1,"featured_media":0,"parent":0,"menu_order":0,"comment_status":"closed","ping_status":"open","template":"","meta":{"footnotes":""},"_links":{"self":[{"href":"https:\/\/lovbostaden.se\/index.php?rest_route=\/wp\/v2\/pages\/44"}],"collection":[{"href":"https:\/\/lovbostaden.se\/index.php?rest_route=\/wp\/v2\/pages"}],"about":[{"href":"https:\/\/lovbostaden.se\/index.php?rest_route=\/wp\/v2\/types\/page"}],"author":[{"embeddable":true,"href":"https:\/\/lovbostaden.se\/index.php?rest_route=\/wp\/v2\/users\/1"}],"replies":[{"embeddable":true,"href":"https:\/\/lovbostaden.se\/index.php?rest_route=%2Fwp%2Fv2%2Fcomments&post=44"}],"version-history":[{"count":12,"href":"https:\/\/lovbostaden.se\/index.php?rest_route=\/wp\/v2\/pages\/44\/revisions"}],"predecessor-version":[{"id":158,"href":"https:\/\/lovbostaden.se\/index.php?rest_route=\/wp\/v2\/pages\/44\/revisions\/158"}],"wp:attachment":[{"href":"https:\/\/lovbostaden.se\/index.php?rest_route=%2Fwp%2Fv2%2Fmedia&parent=44"}],"curies":[{"name":"wp","href":"https:\/\/api.w.org\/{rel}","templated":true}]}}