{"id":38,"date":"2013-10-17T19:54:51","date_gmt":"2013-10-17T19:54:51","guid":{"rendered":"http:\/\/lovbostaden.se\/?page_id=38"},"modified":"2014-03-06T19:45:21","modified_gmt":"2014-03-06T19:45:21","slug":"allmana-regler","status":"publish","type":"page","link":"https:\/\/lovbostaden.se\/?page_id=38","title":{"rendered":"Allm\u00e4nna r\u00e5d och regler"},"content":{"rendered":"<ul>\n<li>Sopk\u00e4rl finns placerat p\u00e5 innerg\u00e5rden. Detta \u00e4r endast till f\u00f6r hush\u00e5llsavfall.\u00a0\u00d6vrigt avfall s\u00e5som tidningar, kartonger, julklappspapper, flaskor och glas samt grovsopor skall hyresg\u00e4sten sj\u00e4lv ombes\u00f6rja att l\u00e4mna vid \u00e5tervinningsstationer.<\/li>\n<li>R\u00f6kning \u00e4r f\u00f6rbjuden i alla allm\u00e4nna utrymmen<\/li>\n<li>Meddela dina grannar om du ska ha en st\u00f6rre fest, Risken f\u00f6r irritation minskar om man \u00e4r f\u00f6rberedd p\u00e5 en tillf\u00e4lligt h\u00f6gre ljudniv\u00e5. En god regel \u00e4r att det \u00e4r tyst efter kl. 22.00 p\u00e5 vardagar och kl. 23.00 p\u00e5 helger.<\/li>\n<li>F\u00f6lj ordningsreglerna i tv\u00e4ttstugan. Det \u00e4r trevligare att st\u00e4da efter sig sj\u00e4lv \u00e4n efter andra.<\/li>\n<li>Inom fastigheten finns utrymmen f\u00f6r f\u00f6rvaring av cyklar, barnvagnar mm. I dessa utrymmen f\u00e5r dock endast anv\u00e4ndbar egendom f\u00f6rvaras.<\/li>\n<li>F\u00f6rvara inga personliga \u00e4godelar i trapphus eller andra gemensamma utrymmen.<\/li>\n<li>F\u00f6rvara inte st\u00f6ldbeg\u00e4rliga och v\u00e4rdefulla saker i k\u00e4llaren.<\/li>\n<li>Cyklar parkeras i cykelst\u00e4llet p\u00e5 innerg\u00e5rden. Endast funktionsdugliga cyklar f\u00e5r placeras\u00a0 i cykelst\u00e4ll och cykelrum. Uttj\u00e4nta cyklar forslas bort genom egen f\u00f6rsorg.<\/li>\n<li>Som hyresg\u00e4st ska man under hyrestiden v\u00e5rda l\u00e4genheten v\u00e4l. Man \u00e4r skyldig att ers\u00e4tta all skada som uppkommer genom eget v\u00e5llande eller av n\u00e5gon som g\u00e4star l\u00e4genheten.<\/li>\n<li>Borra eller spika aldrig i v\u00e5tutrymmen, d\u00e5 skadar du t\u00e4tskiktet. Spika inte i n\u00e5gra d\u00f6rrar.<\/li>\n<li>Var r\u00e4dd om dina nycklar. Slarvar du bort nycklar f\u00e5r du betala oml\u00e4ggning av cylinder.<\/li>\n<\/ul>\n","protected":false},"excerpt":{"rendered":"<p>Sopk\u00e4rl finns placerat p\u00e5 innerg\u00e5rden. Detta \u00e4r endast till f\u00f6r hush\u00e5llsavfall.\u00a0\u00d6vrigt avfall s\u00e5som tidningar, kartonger, julklappspapper, flaskor och glas samt grovsopor skall hyresg\u00e4sten sj\u00e4lv ombes\u00f6rja att l\u00e4mna vid \u00e5tervinningsstationer. R\u00f6kning \u00e4r f\u00f6rbjuden i alla allm\u00e4nna utrymmen Meddela dina grannar om &hellip; <a href=\"https:\/\/lovbostaden.se\/?page_id=38\">Continue reading <span class=\"meta-nav\">&rarr;<\/span><\/a><\/p>\n","protected":false},"author":1,"featured_media":0,"parent":11,"menu_order":0,"comment_status":"closed","ping_status":"open","template":"","meta":{"footnotes":""},"_links":{"self":[{"href":"https:\/\/lovbostaden.se\/index.php?rest_route=\/wp\/v2\/pages\/38"}],"collection":[{"href":"https:\/\/lovbostaden.se\/index.php?rest_route=\/wp\/v2\/pages"}],"about":[{"href":"https:\/\/lovbostaden.se\/index.php?rest_route=\/wp\/v2\/types\/page"}],"author":[{"embeddable":true,"href":"https:\/\/lovbostaden.se\/index.php?rest_route=\/wp\/v2\/users\/1"}],"replies":[{"embeddable":true,"href":"https:\/\/lovbostaden.se\/index.php?rest_route=%2Fwp%2Fv2%2Fcomments&post=38"}],"version-history":[{"count":7,"href":"https:\/\/lovbostaden.se\/index.php?rest_route=\/wp\/v2\/pages\/38\/revisions"}],"predecessor-version":[{"id":138,"href":"https:\/\/lovbostaden.se\/index.php?rest_route=\/wp\/v2\/pages\/38\/revisions\/138"}],"up":[{"embeddable":true,"href":"https:\/\/lovbostaden.se\/index.php?rest_route=\/wp\/v2\/pages\/11"}],"wp:attachment":[{"href":"https:\/\/lovbostaden.se\/index.php?rest_route=%2Fwp%2Fv2%2Fmedia&parent=38"}],"curies":[{"name":"wp","href":"https:\/\/api.w.org\/{rel}","templated":true}]}}