{"id":29,"date":"2013-10-17T19:34:21","date_gmt":"2013-10-17T19:34:21","guid":{"rendered":"http:\/\/lovbostaden.se\/?page_id=29"},"modified":"2013-10-19T11:22:30","modified_gmt":"2013-10-19T11:22:30","slug":"felanmalan-2","status":"publish","type":"page","link":"https:\/\/lovbostaden.se\/?page_id=29","title":{"rendered":"Felanm\u00e4lan"},"content":{"rendered":"<div id=\"vfb-form-2\" class=\"visual-form-builder-container\"><form id=\"felanmalan-2\" class=\"visual-form-builder vfb-form-2 \" method=\"post\" enctype=\"multipart\/form-data\">\n\t  \t<input type=\"hidden\" name=\"form_id\" value=\"2\" \/><fieldset class=\"vfb-fieldset vfb-fieldset-1 felanmalan \" id=\"item-vfb-14\"><div class=\"vfb-legend\"><h3>Felanm\u00e4lan<\/h3><\/div><ul class=\"vfb-section vfb-section-1\"><li class=\"vfb-item vfb-item-text  \" id=\"item-vfb-18\"><label for=\"vfb-18\" class=\"vfb-desc\">Namn (Fullst\u00e4ndigt) <\/label><input type=\"text\" name=\"vfb-18\" id=\"vfb-18\" value=\"\" class=\"vfb-text  vfb-medium   \" \/><\/li><li class=\"vfb-item vfb-item-text  \" id=\"item-vfb-19\"><label for=\"vfb-19\" class=\"vfb-desc\">Adress <\/label><input type=\"text\" name=\"vfb-19\" id=\"vfb-19\" value=\"\" class=\"vfb-text  vfb-medium   \" \/><\/li><li class=\"vfb-item vfb-item-phone  \" id=\"item-vfb-22\"><label for=\"vfb-22\" class=\"vfb-desc\">Telefonnummer <\/label><input type=\"tel\" name=\"vfb-22\" id=\"vfb-22\" value=\"\" class=\"vfb-text  vfb-medium   phone \" \/><\/li><li class=\"vfb-item vfb-item-email  \" id=\"item-vfb-20\"><label for=\"vfb-20\" class=\"vfb-desc\">E-mail <\/label><input type=\"email\" name=\"vfb-20\" id=\"vfb-20\" value=\"\" class=\"vfb-text  vfb-medium   email \" \/><\/li><li class=\"vfb-item vfb-item-radio  vfb-auto-column \" id=\"item-vfb-27\"><label class=\"vfb-desc\">F\u00e5r hyresv\u00e4rden g\u00e5 in med huvudnyckel? <\/label><div><span class=\"vfb-span\"><input type=\"radio\" name=\"vfb-27\" id=\"vfb-27-1\" value=\"Ja\" class=\"vfb-radio  \" \/><label for=\"vfb-27-1\" class=\"vfb-choice\">Ja<\/label><\/span><span class=\"vfb-span\"><input type=\"radio\" name=\"vfb-27\" id=\"vfb-27-2\" value=\"Nej\" class=\"vfb-radio  \" \/><label for=\"vfb-27-2\" class=\"vfb-choice\">Nej<\/label><\/span><div style=\"clear:both\"><\/div><\/div><\/li><li class=\"vfb-item vfb-item-textarea  \" id=\"item-vfb-23\"><label for=\"vfb-23\" class=\"vfb-desc\">Meddelande <\/label><div><textarea name=\"vfb-23\" id=\"vfb-23\" class=\"vfb-textarea  vfb-medium  \"><\/textarea><\/div><\/li><\/ul>&nbsp;<\/fieldset><fieldset class=\"vfb-fieldset vfb-fieldset-2 15 \" id=\"item-vfb-15\" style=\"display:block\"><div class=\"vfb-legend\"><h3><\/h3><\/div><ul class=\"vfb-section vfb-section-2\"><li class=\"vfb-item vfb-item-secret\"  style=\"display:block\"><label for=\"vfb-16\" class=\"vfb-desc\">Skriv 2 siffor<\/label><input type=\"hidden\" name=\"_vfb-required-secret\" value=\"0\" \/><input type=\"hidden\" name=\"_vfb-secret\" value=\"vfb-16\" \/><span class=\"vfb-span\"><input type=\"text\" name=\"vfb-16\" id=\"vfb-16\" value=\"\" class=\"vfb-text  vfb-medium  {digits:true,maxlength:2,minlength:2} \" style=\"display:block\" \/><label>Example: 12<\/label><\/span><li style=\"display:none;\"><label>This box is for spam protection - &lt;strong&gt;please leave it blank&lt;\/strong&gt;:<\/label><div><input name=\"vfb-spam\" \/><\/div><\/li>\n\t\t\t<li class=\"vfb-item vfb-item-submit\" id=\"item-vfb-17\">\n\t\t\t\t<input type=\"submit\" name=\"vfb-submit\" id=\"vfb-17\" value=\"Skicka\" class=\"vfb-submit \" \/>\n\t\t\t\t<\/li><\/ul>\n\t\t\t<\/fieldset><input type=\"hidden\" name=\"_wp_http_referer\" value=\"\/index.php?rest_route=%2Fwp%2Fv2%2Fpages%2F29\" \/><\/form><\/div> <!-- .visual-form-builder-container -->\n","protected":false},"excerpt":{"rendered":"","protected":false},"author":1,"featured_media":0,"parent":11,"menu_order":0,"comment_status":"closed","ping_status":"open","template":"","meta":{"footnotes":""},"_links":{"self":[{"href":"https:\/\/lovbostaden.se\/index.php?rest_route=\/wp\/v2\/pages\/29"}],"collection":[{"href":"https:\/\/lovbostaden.se\/index.php?rest_route=\/wp\/v2\/pages"}],"about":[{"href":"https:\/\/lovbostaden.se\/index.php?rest_route=\/wp\/v2\/types\/page"}],"author":[{"embeddable":true,"href":"https:\/\/lovbostaden.se\/index.php?rest_route=\/wp\/v2\/users\/1"}],"replies":[{"embeddable":true,"href":"https:\/\/lovbostaden.se\/index.php?rest_route=%2Fwp%2Fv2%2Fcomments&post=29"}],"version-history":[{"count":5,"href":"https:\/\/lovbostaden.se\/index.php?rest_route=\/wp\/v2\/pages\/29\/revisions"}],"predecessor-version":[{"id":66,"href":"https:\/\/lovbostaden.se\/index.php?rest_route=\/wp\/v2\/pages\/29\/revisions\/66"}],"up":[{"embeddable":true,"href":"https:\/\/lovbostaden.se\/index.php?rest_route=\/wp\/v2\/pages\/11"}],"wp:attachment":[{"href":"https:\/\/lovbostaden.se\/index.php?rest_route=%2Fwp%2Fv2%2Fmedia&parent=29"}],"curies":[{"name":"wp","href":"https:\/\/api.w.org\/{rel}","templated":true}]}}