{"id":27,"date":"2013-10-17T19:32:56","date_gmt":"2013-10-17T19:32:56","guid":{"rendered":"http:\/\/lovbostaden.se\/?page_id=27"},"modified":"2013-12-09T14:38:05","modified_gmt":"2013-12-09T14:38:05","slug":"lediga-lagenheter","status":"publish","type":"page","link":"https:\/\/lovbostaden.se\/?page_id=27","title":{"rendered":"Lediga l\u00e4genheter"},"content":{"rendered":"<p><strong>Vi har f\u00f6r tillf\u00e4llet inga lediga l\u00e4genheter<\/strong><\/p>\n<p>&nbsp;<\/p>\n","protected":false},"excerpt":{"rendered":"<p>Vi har f\u00f6r tillf\u00e4llet inga lediga l\u00e4genheter &nbsp;<\/p>\n","protected":false},"author":1,"featured_media":0,"parent":0,"menu_order":0,"comment_status":"closed","ping_status":"open","template":"","meta":{"footnotes":""},"_links":{"self":[{"href":"https:\/\/lovbostaden.se\/index.php?rest_route=\/wp\/v2\/pages\/27"}],"collection":[{"href":"https:\/\/lovbostaden.se\/index.php?rest_route=\/wp\/v2\/pages"}],"about":[{"href":"https:\/\/lovbostaden.se\/index.php?rest_route=\/wp\/v2\/types\/page"}],"author":[{"embeddable":true,"href":"https:\/\/lovbostaden.se\/index.php?rest_route=\/wp\/v2\/users\/1"}],"replies":[{"embeddable":true,"href":"https:\/\/lovbostaden.se\/index.php?rest_route=%2Fwp%2Fv2%2Fcomments&post=27"}],"version-history":[{"count":5,"href":"https:\/\/lovbostaden.se\/index.php?rest_route=\/wp\/v2\/pages\/27\/revisions"}],"predecessor-version":[{"id":130,"href":"https:\/\/lovbostaden.se\/index.php?rest_route=\/wp\/v2\/pages\/27\/revisions\/130"}],"wp:attachment":[{"href":"https:\/\/lovbostaden.se\/index.php?rest_route=%2Fwp%2Fv2%2Fmedia&parent=27"}],"curies":[{"name":"wp","href":"https:\/\/api.w.org\/{rel}","templated":true}]}}