{"id":11,"date":"2013-10-16T13:14:15","date_gmt":"2013-10-16T13:14:15","guid":{"rendered":"http:\/\/lovbostaden.se\/?page_id=11"},"modified":"2014-03-18T13:24:36","modified_gmt":"2014-03-18T13:24:36","slug":"for-boende","status":"publish","type":"page","link":"https:\/\/lovbostaden.se\/?page_id=11","title":{"rendered":"F\u00f6r v\u00e5ra hyresg\u00e4ster"},"content":{"rendered":"<div id=\"lipsum\">\n<p>&nbsp;<\/p>\n<\/div>\n","protected":false},"excerpt":{"rendered":"<p>&nbsp;<\/p>\n","protected":false},"author":1,"featured_media":0,"parent":0,"menu_order":0,"comment_status":"open","ping_status":"open","template":"","meta":{"footnotes":""},"_links":{"self":[{"href":"https:\/\/lovbostaden.se\/index.php?rest_route=\/wp\/v2\/pages\/11"}],"collection":[{"href":"https:\/\/lovbostaden.se\/index.php?rest_route=\/wp\/v2\/pages"}],"about":[{"href":"https:\/\/lovbostaden.se\/index.php?rest_route=\/wp\/v2\/types\/page"}],"author":[{"embeddable":true,"href":"https:\/\/lovbostaden.se\/index.php?rest_route=\/wp\/v2\/users\/1"}],"replies":[{"embeddable":true,"href":"https:\/\/lovbostaden.se\/index.php?rest_route=%2Fwp%2Fv2%2Fcomments&post=11"}],"version-history":[{"count":3,"href":"https:\/\/lovbostaden.se\/index.php?rest_route=\/wp\/v2\/pages\/11\/revisions"}],"predecessor-version":[{"id":137,"href":"https:\/\/lovbostaden.se\/index.php?rest_route=\/wp\/v2\/pages\/11\/revisions\/137"}],"wp:attachment":[{"href":"https:\/\/lovbostaden.se\/index.php?rest_route=%2Fwp%2Fv2%2Fmedia&parent=11"}],"curies":[{"name":"wp","href":"https:\/\/api.w.org\/{rel}","templated":true}]}}